{"id":381,"date":"2018-02-16T21:15:44","date_gmt":"2018-02-16T21:15:44","guid":{"rendered":"https:\/\/nyramerica.com\/?page_id=381"},"modified":"2018-02-17T16:43:18","modified_gmt":"2018-02-17T16:43:18","slug":"servicios","status":"publish","type":"page","link":"https:\/\/nyramerica.com\/?page_id=381","title":{"rendered":"Servicios"},"content":{"rendered":"<div id=\"dslc-theme-content\"><div id=\"dslc-theme-content-inner\"><p><b>Consultor\u00eda de Servicios Profesionales<\/b><\/p>\n<ul>\n<li>Base de Datos (Oracle, MySQL, SQL): Implementaci\u00f3n, migraciones, single instance and RAC, Dataguard, Partitioning, Applications Servers, Audit Vault, Golden Gate, RMAN. WebLogic,<\/li>\n<li>Alta Disponibilidad, mediante software Symantec Veritas Cluster server, Oracle Solaris Cluster, Red Hat Cluster, Implementaci\u00f3n, reconfiguraci\u00f3n y actualizaci\u00f3n de Symantec Backup Exec y NetBackup<\/li>\n<li>Capacity Planning (reporte de an\u00e1lisis de rendimiento, modelamiento, monitoreo)<\/li>\n<li>Servicios Administrados y Outsourcing (servicios basados en Unix, Linux, Windows, Bases de Datos, Networking y aplicativos)<\/li>\n<li>Virtualizaci\u00f3n (Oracle VM, VMware, Hyper-V, RedHat): Implementaci\u00f3n, actualizaci\u00f3n, migraci\u00f3n P2V, V2V, alta dispoinibilidad, y tolerancia a fallas. Mundo Oracle (solaris containers, Oracle VM x86, Oracle VM for Sparc)<\/li>\n<li>Servicio de capacitaci\u00f3n en las diferentes tecnolog\u00edas ofertadas.<\/li>\n<\/ul>\n<p><b>Infraestructura de TI<\/b><\/p>\n<ul>\n<li>Comercializaci\u00f3n y puesta en marcha de principales marcas del Mercado: Dell, Oracle, Lenovo, EMC, VMware, Symantec, RedHat, F5, Brocade, TeamQuest, Microsoft, HP, EMC, NetApp.<\/li>\n<li>Servidores, Almacenamiento, Networking.<\/li>\n<\/ul>\n<p><b>Suministros de Oficina<\/b><\/p>\n<ul>\n<li>L\u00ednea ergon\u00f3mica: Brazons ergon\u00f3micos soporte de monitores, soporte y bases de refrigeraci\u00f3n para laptops, teclados, mouse, mouse pads, etc.<\/li>\n<li>Impresoras HP, Epson, Xerox, y recargas de tintas. Tambi\u00e9n modelo de renta de equipos.<\/li>\n<li>Laptops, PCs y tablets HP, Toshiba,\u00a0 Lenovo, Dell. Tambi\u00e9n modelo d e renta de equipos.<\/li>\n<li>Equipos de oficina: monitores, televisores, access point, equipos de redes, y\u00a0 accesorios de c\u00f3mputo (eadsets, parlantes, conectores, etc)<\/li>\n<li>Suministro de papel y accesorios de oficina.<\/li>\n<\/ul>\n<p><b>Desarrollo de Sistemas<\/b><\/p>\n<ul>\n<li>Sistemas de gesti\u00f3n de colas, sistemas ERP para peque\u00f1a y mediana empresa.<\/li>\n<li>Desarrollo de sistemas a medida de necesidad de clientes.<\/li>\n<\/ul>\n<p><img decoding=\"async\" class=\"alignnone size-medium wp-image-240 alignleft\" src=\"http:\/\/localhost\/nyramerica\/wp-content\/uploads\/2018\/02\/bullet2.png\" alt=\"\" width=\"56\" height=\"50\" \/><img fetchpriority=\"high\" decoding=\"async\" class=\"wp-image-152 size-medium aligncenter\" src=\"http:\/\/localhost\/nyramerica\/wp-content\/uploads\/2018\/02\/arbol-257x300.png\" alt=\"\" width=\"257\" height=\"300\" srcset=\"https:\/\/nyramerica.com\/wp-content\/uploads\/2018\/02\/arbol-257x300.png 257w, https:\/\/nyramerica.com\/wp-content\/uploads\/2018\/02\/arbol.png 680w\" sizes=\"(max-width: 257px) 100vw, 257px\" \/><\/p>\n<\/div><\/div>","protected":false},"excerpt":{"rendered":"<p>Consultor\u00eda de Servicios Profesionales Base de Datos (Oracle, MySQL, SQL): Implementaci\u00f3n, migraciones, single instance and RAC, Dataguard, Partitioning, Applications Servers, Audit Vault, Golden Gate, RMAN. WebLogic, Alta Disponibilidad, mediante software Symantec Veritas Cluster server, Oracle Solaris Cluster, Red Hat Cluster, Implementaci\u00f3n, reconfiguraci\u00f3n y actualizaci\u00f3n de Symantec Backup Exec y NetBackup Capacity Planning (reporte de an\u00e1lisis<\/p>\n<p class=\"more-link\"><a href=\"https:\/\/nyramerica.com\/?page_id=381\" class=\"themebutton2\">Read More<\/a><\/p>\n","protected":false},"author":1,"featured_media":0,"parent":0,"menu_order":3,"comment_status":"closed","ping_status":"closed","template":"","meta":{"footnotes":""},"class_list":["post-381","page","type-page","status-publish","hentry"],"_links":{"self":[{"href":"https:\/\/nyramerica.com\/index.php?rest_route=\/wp\/v2\/pages\/381","targetHints":{"allow":["GET"]}}],"collection":[{"href":"https:\/\/nyramerica.com\/index.php?rest_route=\/wp\/v2\/pages"}],"about":[{"href":"https:\/\/nyramerica.com\/index.php?rest_route=\/wp\/v2\/types\/page"}],"author":[{"embeddable":true,"href":"https:\/\/nyramerica.com\/index.php?rest_route=\/wp\/v2\/users\/1"}],"replies":[{"embeddable":true,"href":"https:\/\/nyramerica.com\/index.php?rest_route=%2Fwp%2Fv2%2Fcomments&post=381"}],"version-history":[{"count":7,"href":"https:\/\/nyramerica.com\/index.php?rest_route=\/wp\/v2\/pages\/381\/revisions"}],"predecessor-version":[{"id":410,"href":"https:\/\/nyramerica.com\/index.php?rest_route=\/wp\/v2\/pages\/381\/revisions\/410"}],"wp:attachment":[{"href":"https:\/\/nyramerica.com\/index.php?rest_route=%2Fwp%2Fv2%2Fmedia&parent=381"}],"curies":[{"name":"wp","href":"https:\/\/api.w.org\/{rel}","templated":true}]}}