{"id":235,"date":"2018-02-16T00:50:16","date_gmt":"2018-02-16T00:50:16","guid":{"rendered":"https:\/\/nyramerica.com\/?page_id=235"},"modified":"2020-06-10T22:35:35","modified_gmt":"2020-06-10T22:35:35","slug":"confitec","status":"publish","type":"page","link":"https:\/\/nyramerica.com\/?page_id=235","title":{"rendered":"NyRAmerica"},"content":{"rendered":"<div id=\"dslc-theme-content\"><div id=\"dslc-theme-content-inner\"><div class=\"entry-content\">\n<h3 style=\"text-align: center;\">Somos una empresa especializada en la asesor\u00eda, dise\u00f1o, consultor\u00eda, soporte e implementaci\u00f3n de SOLUCIONES MISION CRITICA.<\/h3>\n<p><img fetchpriority=\"high\" decoding=\"async\" class=\"aligncenter  wp-image-473\" src=\"https:\/\/nyramerica.com\/wp-content\/uploads\/2020\/06\/nyramerica10.png\" alt=\"\" width=\"419\" height=\"190\" srcset=\"https:\/\/nyramerica.com\/wp-content\/uploads\/2020\/06\/nyramerica10.png 1150w, https:\/\/nyramerica.com\/wp-content\/uploads\/2020\/06\/nyramerica10-300x136.png 300w, https:\/\/nyramerica.com\/wp-content\/uploads\/2020\/06\/nyramerica10-1024x465.png 1024w, https:\/\/nyramerica.com\/wp-content\/uploads\/2020\/06\/nyramerica10-768x349.png 768w\" sizes=\"(max-width: 419px) 100vw, 419px\" \/><\/p>\n<h3>Quienes Somos<\/h3>\n<p>Un equipo compuesto de grandes profesionales.<\/p>\n<p>Creemos que en la especialidad que requieren nuestros clientes para sus infraestructura de Misi\u00f3n Critica, es por eso que en CONFITEC S.A.C. contamos con un equipo integrado por expertos profesionales en SOFTWARE Y HARDWARE.<br \/>\nConformando un equipo asesor de especialistas que cumplen el rol de \u00abfacilitadores\u00bb, proponiendo escenarios estrat\u00e9gicos, innovadores e integrales a cada plataforma critica de nuestros clientes.<\/p>\n<\/div>\n<h3>Porque elegirnos<\/h3>\n<div class=\"entry-content\">\n<p>Nuestra responsabilidad y especializaci\u00f3n, certificada por a\u00f1os de trayectoria y permanencia en el mercado local nos brindan una amplia perspectiva que permite el abordaje de los m\u00faltiples desaf\u00edos que se conjugan en las organizaciones.<\/p>\n<ul>\n<li><img decoding=\"async\" class=\"size-full wp-image-239 alignleft\" src=\"https:\/\/nyramerica.com\/wp-content\/uploads\/2018\/02\/bullet1.png\" alt=\"\" width=\"52\" height=\"42\" \/>Contamos con un equipo con\u00a0<b>ALTA EXPERIENCIA\u00a0<\/b>que le brinda el soporte requerido seg\u00fan los SLAs comprometidos.<\/li>\n<\/ul>\n<\/div>\n<ul>\n<li><img decoding=\"async\" class=\"size-full wp-image-240 alignleft\" src=\"https:\/\/nyramerica.com\/wp-content\/uploads\/2018\/02\/bullet2.png\" alt=\"\" width=\"56\" height=\"50\" \/><br \/>\nEquipo T\u00e9cnico especializado con la mas altas certificaciones.<\/li>\n<\/ul>\n<ul>\n<li><img loading=\"lazy\" decoding=\"async\" class=\"size-full wp-image-242 alignleft\" src=\"https:\/\/nyramerica.com\/wp-content\/uploads\/2018\/02\/bullet4.png\" alt=\"\" width=\"56\" height=\"55\" srcset=\"https:\/\/nyramerica.com\/wp-content\/uploads\/2018\/02\/bullet4.png 56w, https:\/\/nyramerica.com\/wp-content\/uploads\/2018\/02\/bullet4-53x53.png 53w\" sizes=\"(max-width: 56px) 100vw, 56px\" \/>Realizar la implementaci\u00f3n y finalizarlo seg\u00fan los tiempos requeridos para su proyecto<\/li>\n<\/ul>\n<\/div><\/div>","protected":false},"excerpt":{"rendered":"<p>Somos una empresa especializada en la asesor\u00eda, dise\u00f1o, consultor\u00eda, soporte e implementaci\u00f3n de SOLUCIONES MISION CRITICA. Quienes Somos Un equipo compuesto de grandes profesionales. Creemos que en la especialidad que requieren nuestros clientes para sus infraestructura de Misi\u00f3n Critica, es por eso que en CONFITEC S.A.C. contamos con un equipo integrado por expertos profesionales en<\/p>\n<p class=\"more-link\"><a href=\"https:\/\/nyramerica.com\/?page_id=235\" class=\"themebutton2\">Read More<\/a><\/p>\n","protected":false},"author":1,"featured_media":0,"parent":0,"menu_order":2,"comment_status":"closed","ping_status":"closed","template":"","meta":{"footnotes":""},"class_list":["post-235","page","type-page","status-publish","hentry"],"_links":{"self":[{"href":"https:\/\/nyramerica.com\/index.php?rest_route=\/wp\/v2\/pages\/235","targetHints":{"allow":["GET"]}}],"collection":[{"href":"https:\/\/nyramerica.com\/index.php?rest_route=\/wp\/v2\/pages"}],"about":[{"href":"https:\/\/nyramerica.com\/index.php?rest_route=\/wp\/v2\/types\/page"}],"author":[{"embeddable":true,"href":"https:\/\/nyramerica.com\/index.php?rest_route=\/wp\/v2\/users\/1"}],"replies":[{"embeddable":true,"href":"https:\/\/nyramerica.com\/index.php?rest_route=%2Fwp%2Fv2%2Fcomments&post=235"}],"version-history":[{"count":23,"href":"https:\/\/nyramerica.com\/index.php?rest_route=\/wp\/v2\/pages\/235\/revisions"}],"predecessor-version":[{"id":477,"href":"https:\/\/nyramerica.com\/index.php?rest_route=\/wp\/v2\/pages\/235\/revisions\/477"}],"wp:attachment":[{"href":"https:\/\/nyramerica.com\/index.php?rest_route=%2Fwp%2Fv2%2Fmedia&parent=235"}],"curies":[{"name":"wp","href":"https:\/\/api.w.org\/{rel}","templated":true}]}}